{"id":412,"date":"2025-06-25T08:49:09","date_gmt":"2025-06-25T08:49:09","guid":{"rendered":"https:\/\/carnsmontserrat.cat\/som-carns-montserrat-coneix-nos\/"},"modified":"2025-11-25T12:08:46","modified_gmt":"2025-11-25T12:08:46","slug":"som-carns-montserrat-coneix-nos","status":"publish","type":"page","link":"https:\/\/carnsmontserrat.cat\/ca\/som-carns-montserrat-coneix-nos\/","title":{"rendered":"Carnicer\u00eda en Vilassar de Mar"},"content":{"rendered":"<div class=\"wpb-content-wrapper\">[vc_row full_width=&#8221;stretch_row_content_no_spaces&#8221; content_placement=&#8221;middle&#8221; equal_height=&#8221;yes&#8221;][vc_column width=&#8221;1\/2&#8243;][vc_empty_space height=&#8221;100px&#8221;][vc_row_inner][vc_column_inner][vc_column_text css=&#8221;.vc_custom_1750844274012{margin-top: -20px !important;}&#8221; text_align=&#8221;center&#8221; color=&#8221;#000000&#8243; font_size=&#8221;40&#8243; font_family=&#8221;Dynalight&#8221; font_weight=&#8221;300&#8243;]Tradici\u00f3 viva[\/vc_column_text][vc_column_text css=&#8221;&#8221; text_align=&#8221;center&#8221; color=&#8221;#000000&#8243; font_family=&#8221;Playfair Display&#8221; line_height=&#8221;42px&#8221;]\n<h1>Des de 1978, carnisseria <em>amb \u00e0nima <\/em><br \/>\na Vilassar de Mar<\/h1>\n[\/vc_column_text][vc_empty_space height=&#8221;20px&#8221;][vc_column_text css=&#8221;.vc_custom_1750844907293{padding-right: 10% !important;padding-left: 10% !important;}&#8221; text_align=&#8221;center&#8221; color=&#8221;#000000&#8243; font_size=&#8221;16&#8243; font_family=&#8221;Open Sans&#8221; line_height=&#8221;22px&#8221;]\n<p data-start=\"455\" data-end=\"705\">Tot va comen\u00e7ar l\u2019abril de 1978, quan l\u2019Arturo i la Montserrat van obrir la primera botiga al cor de Vilassar de Mar. Amb esfor\u00e7, passi\u00f3 i una aposta decidida per la qualitat, van fer cr\u00e9ixer un projecte familiar que avui \u00e9s tot un referent al poble.<\/p>\n<p data-start=\"707\" data-end=\"963\">Amb els anys, una nova generaci\u00f3 ha pres el relleu, mantenint viva l\u2019ess\u00e8ncia de sempre i obrint noves vies per cr\u00e9ixer: cuina preparada per emportar, rostisseria, celler, delicatessen, c\u00e0terings i fins i tot un espai propi per a celebracions: <strong data-start=\"951\" data-end=\"962\">La Sala<\/strong>.<\/p>\n<p data-start=\"965\" data-end=\"1154\">A Carns Montserrat, seguim treballant amb la mateixa il\u00b7lusi\u00f3 del primer dia. Amb respecte per l\u2019ofici, amor pel detall i ganes de continuar oferint un servei proper, honest i de confian\u00e7a.<\/p>\n<p data-start=\"1156\" data-end=\"1195\"><strong data-start=\"1156\" data-end=\"1195\">Gr\u00e0cies per fer cam\u00ed amb nosaltres<\/strong><\/p>\n[\/vc_column_text][\/vc_column_inner][\/vc_row_inner][vc_row_inner][vc_column_inner width=&#8221;1\/4&#8243;][\/vc_column_inner][vc_column_inner width=&#8221;1\/2&#8243;][vc_single_image image=&#8221;487&#8243; img_size=&#8221;1000&#215;400&#8243; style=&#8221;vc_box_shadow_3d&#8221; css=&#8221;&#8221;][\/vc_column_inner][vc_column_inner width=&#8221;1\/4&#8243;][\/vc_column_inner][\/vc_row_inner][\/vc_column][vc_column width=&#8221;1\/2&#8243;]\n\t\t\t\t<p class=\"rs-p-wp-fix\"><\/p>\n\t\t\t\t<sr7-module data-alias=\"bloque5-gourmet-1\" data-id=\"8\" id=\"SR7_8_1\" class=\"rs-ov-hidden\" data-version=\"6.7.37\">\n\t\t\t\t\t<sr7-adjuster><\/sr7-adjuster>\n\t\t\t\t\t<sr7-content>\n\t\t\t\t\t\t<sr7-carousel>\n\t\t\t\t\t\t<sr7-slide id=\"SR7_8_1-15\" data-key=\"15\">\n\t\t\t\t\t\t\t<sr7-bg id=\"SR7_8_1-15-1\" class=\"sr7-layer\"><noscript><img src=\"https:\/\/carnsmontserrat.cat\/wp-content\/uploads\/2025\/07\/C.Monsterra13.jpg\" alt=\"C.Monsterra13\" title=\"C.Monsterra13\"><\/noscript><\/sr7-bg>\n\t\t\t\t\t\t<\/sr7-slide>\n\t\t\t\t\t\t<sr7-slide id=\"SR7_8_1-16\" data-key=\"16\">\n\t\t\t\t\t\t<\/sr7-slide>\n\t\t\t\t\t\t<\/sr7-carousel>\n\t\t\t\t\t<\/sr7-content>\n\t\t\t\t\t<image_lists style=\"display:none\">\n\t\t\t\t\t\t<img data-src=\"\/\/carnsmontserrat.cat\/wp-content\/uploads\/2025\/07\/C.Monsterra13.jpg\" data-libid=\"402\" data-lib=\"medialibrary\" alt=\"C.Monsterra13\" title=\"C.Monsterra13\" width=\"0\" height=\"0\" data-dbsrc=\"Ly9jYXJuc21vbnRzZXJyYXQuY2F0L3dwLWNvbnRlbnQvdXBsb2Fkcy8yMDI1LzA3L0MuTW9uc3RlcnJhMTMuanBn\"\/>\n\t\t\t\t\t<\/image_lists>\n\t\t\t\t<\/sr7-module>\n\t\t\t\t<script>\n\t\t\t\t\tSR7.PMH ??={}; SR7.PMH[\"SR7_8_1\"] = {cn:100,state:false,fn: function() { if (_tpt!==undefined && _tpt.prepareModuleHeight !== undefined) {  _tpt.prepareModuleHeight({id:\"SR7_8_1\",el:[975,975,975,975,720],type:'carousel',shdw:'0',gh:[975,975,975,975,720],gw:[960,960,960,960,480],vpt:['-100px&#039;,&#039;-100px&#039;,&#039;-100px&#039;,&#039;-100px&#039;,&#039;-100px'],size:{fullWidth:false, fullHeight:false},mh:'0',onh:0,onw:0,bg:{color:'{\"orig\":\"transparent\",\"type\":\"solid\",\"string\":\"transparent\"}'},carousel:{pt:'0',pb:'0'}});   SR7.PMH[\"SR7_8_1\"].state=true;} else if(SR7.PMH[\"SR7_8_1\"].cn-->0)\tsetTimeout( SR7.PMH[\"SR7_8_1\"].fn,19);}};SR7.PMH[\"SR7_8_1\" ].fn();\n\t\t\t\t<\/script>\n[\/vc_column][\/vc_row][vc_row full_width=&#8221;stretch_row_content_no_spaces&#8221; content_placement=&#8221;middle&#8221; equal_height=&#8221;yes&#8221;][vc_column width=&#8221;1\/2&#8243; css=&#8221;.vc_custom_1750803766080{margin-top: -40px !important;}&#8221;]\n\t\t\t\t<p class=\"rs-p-wp-fix\"><\/p>\n\t\t\t\t<sr7-module data-alias=\"bloque2-obrador-11\" data-id=\"9\" id=\"SR7_9_2\" class=\"rs-ov-hidden\" data-version=\"6.7.37\">\n\t\t\t\t\t<sr7-adjuster><\/sr7-adjuster>\n\t\t\t\t\t<sr7-content>\n\t\t\t\t\t\t<sr7-carousel>\n\t\t\t\t\t\t<sr7-slide id=\"SR7_9_2-33\" data-key=\"33\">\n\t\t\t\t\t\t\t<sr7-bg id=\"SR7_9_2-33-1\" class=\"sr7-layer\"><noscript><img src=\"https:\/\/carnsmontserrat.cat\/wp-content\/uploads\/2025\/06\/coneix1.jpg\" alt=\"\" title=\"coneix1\"><\/noscript><\/sr7-bg>\n\t\t\t\t\t\t<\/sr7-slide>\n\t\t\t\t\t\t<sr7-slide id=\"SR7_9_2-19\" data-key=\"19\">\n\t\t\t\t\t\t\t<sr7-bg id=\"SR7_9_2-19-1\" class=\"sr7-layer\"><noscript><img src=\"https:\/\/carnsmontserrat.cat\/wp-content\/uploads\/2025\/06\/23.jpg\" alt=\"23\" title=\"23\"><\/noscript><\/sr7-bg>\n\t\t\t\t\t\t<\/sr7-slide>\n\t\t\t\t\t\t<sr7-slide id=\"SR7_9_2-34\" data-key=\"34\">\n\t\t\t\t\t\t\t<sr7-bg id=\"SR7_9_2-34-1\" class=\"sr7-layer\"><noscript><img src=\"https:\/\/carnsmontserrat.cat\/wp-content\/uploads\/2025\/06\/coneix2-1.jpg\" alt=\"\" title=\"coneix2\"><\/noscript><\/sr7-bg>\n\t\t\t\t\t\t<\/sr7-slide>\n\t\t\t\t\t\t<sr7-slide id=\"SR7_9_2-18\" data-key=\"18\">\n\t\t\t\t\t\t<\/sr7-slide>\n\t\t\t\t\t\t<\/sr7-carousel>\n\t\t\t\t\t<\/sr7-content>\n\t\t\t\t\t<image_lists style=\"display:none\">\n\t\t\t\t\t\t<img data-src=\"\/\/carnsmontserrat.cat\/wp-content\/uploads\/2025\/06\/fondo-1.png\" data-libid=\"180\" data-lib=\"medialibrary\" title=\"fondo\" width=\"0\" height=\"0\" data-dbsrc=\"Ly9jYXJuc21vbnRzZXJyYXQuY2F0L3dwLWNvbnRlbnQvdXBsb2Fkcy8yMDI1LzA2L2ZvbmRvLTEucG5n\"\/>\n\t\t\t\t\t\t<img data-src=\"\/\/carnsmontserrat.cat\/wp-content\/uploads\/2025\/06\/coneix1.jpg\" data-libid=\"293\" data-lib=\"medialibrary\" title=\"coneix1\" width=\"0\" height=\"0\" data-dbsrc=\"Ly9jYXJuc21vbnRzZXJyYXQuY2F0L3dwLWNvbnRlbnQvdXBsb2Fkcy8yMDI1LzA2L2NvbmVpeDEuanBn\"\/>\n\t\t\t\t\t\t<img data-src=\"\/\/carnsmontserrat.cat\/wp-content\/uploads\/2025\/06\/23.jpg\" data-libid=\"322\" data-lib=\"medialibrary\" alt=\"23\" title=\"23\" width=\"0\" height=\"0\" data-dbsrc=\"Ly9jYXJuc21vbnRzZXJyYXQuY2F0L3dwLWNvbnRlbnQvdXBsb2Fkcy8yMDI1LzA2LzIzLmpwZw==\"\/>\n\t\t\t\t\t\t<img data-src=\"\/\/carnsmontserrat.cat\/wp-content\/uploads\/2025\/06\/coneix2-1.jpg\" data-libid=\"295\" data-lib=\"medialibrary\" title=\"coneix2\" width=\"0\" height=\"0\" data-dbsrc=\"Ly9jYXJuc21vbnRzZXJyYXQuY2F0L3dwLWNvbnRlbnQvdXBsb2Fkcy8yMDI1LzA2L2NvbmVpeDItMS5qcGc=\"\/>\n\t\t\t\t\t<\/image_lists>\n\t\t\t\t<\/sr7-module>\n\t\t\t\t<script>\n\t\t\t\t\tSR7.PMH ??={}; SR7.PMH[\"SR7_9_2\"] = {cn:100,state:false,fn: function() { if (_tpt!==undefined && _tpt.prepareModuleHeight !== undefined) {  _tpt.prepareModuleHeight({id:\"SR7_9_2\",el:[975,975,975,975,720],type:'carousel',shdw:'0',gh:[975,975,975,975,720],gw:[960,960,960,960,480],vpt:['-100px&#039;,&#039;-100px&#039;,&#039;-100px&#039;,&#039;-100px&#039;,&#039;-100px'],size:{fullWidth:false, fullHeight:false},mh:'0',onh:0,onw:0,bg:{color:'{\"orig\":\"transparent\",\"type\":\"solid\",\"string\":\"transparent\"}'},carousel:{pt:'0',pb:'0'}});   SR7.PMH[\"SR7_9_2\"].state=true;} else if(SR7.PMH[\"SR7_9_2\"].cn-->0)\tsetTimeout( SR7.PMH[\"SR7_9_2\"].fn,19);}};SR7.PMH[\"SR7_9_2\" ].fn();\n\t\t\t\t<\/script>\n[\/vc_column][vc_column width=&#8221;1\/2&#8243;][vc_empty_space height=&#8221;50px&#8221;][vc_row_inner][vc_column_inner width=&#8221;1\/6&#8243;][\/vc_column_inner][vc_column_inner width=&#8221;2\/3&#8243; css=&#8221;.vc_custom_1750840712557{padding-right: 2% !important;padding-left: 2% !important;}&#8221;][vc_column_text css=&#8221;.vc_custom_1750844843123{margin-top: -20px !important;}&#8221; text_align=&#8221;center&#8221; color=&#8221;#000000&#8243; font_size=&#8221;40&#8243; font_family=&#8221;Dynalight&#8221; font_weight=&#8221;300&#8243; line_height=&#8221;38px&#8221;]Carnisseria, cuina, celler i molt m\u00e9s[\/vc_column_text][vc_column_text css=&#8221;&#8221; text_align=&#8221;center&#8221; color=&#8221;#000000&#8243; font_size=&#8221;40&#8243; font_family=&#8221;Playfair Display&#8221; font_weight=&#8221;800&#8243; line_height=&#8221;42px&#8221;]Tot en un <em>mateix<\/em> lloc[\/vc_column_text][vc_empty_space height=&#8221;20px&#8221;][vc_column_text css=&#8221;.vc_custom_1750845158401{padding-right: 10% !important;padding-left: 10% !important;}&#8221; text_align=&#8221;center&#8221; color=&#8221;#000000&#8243; font_size=&#8221;16&#8243; font_family=&#8221;Open Sans&#8221; line_height=&#8221;22px&#8221;]A Carns Montserrat hi trobar\u00e0s molt m\u00e9s que bon tall: carns amb denominaci\u00f3 d\u2019origen, elaborats propis, rostisseria, cuina per emportar, delicatessen, vins, caves, c\u00e0tering i un espai per a celebracions privades. Tot amb la mateixa ess\u00e8ncia: qualitat, proximitat i confian\u00e7a<\/p>\n<p>REPARTIMENT A DOMICILI<\/p>\n<p>C\/ Arpella, 58<br \/>\nC\/ Montevideo, 121<br \/>\nVilassar de Mar<\/p>\n<p>BOTIGA I COMANDES: 93 759 46 61<br \/>\nROSTISSERIA: 93 750 12 82<br \/>\nMAIL: botiga@carnsmontserrat.cat[\/vc_column_text][\/vc_column_inner][vc_column_inner width=&#8221;1\/6&#8243;][\/vc_column_inner][\/vc_row_inner][\/vc_column][\/vc_row][vc_row full_width=&#8221;stretch_row_content_no_spaces&#8221;][vc_column][vc_gmaps link=&#8221;#E-8_JTNDaWZyYW1lJTIwc3JjJTNEJTIyaHR0cHMlM0ElMkYlMkZ3d3cuZ29vZ2xlLmNvbSUyRm1hcHMlMkZlbWJlZCUzRnBiJTNEJTIxMW0xOCUyMTFtMTIlMjExbTMlMjExZDI5ODguMTkwNTgzODA3ODc1JTIxMmQyLjM4NzI3MjE5OTk5OTk5OTUlMjEzZDQxLjUwMDE0NDYlMjEybTMlMjExZjAlMjEyZjAlMjEzZjAlMjEzbTIlMjExaTEwMjQlMjEyaTc2OCUyMTRmMTMuMSUyMTNtMyUyMTFtMiUyMTFzMHgxMmE0YjQwNmMxMzMxYWIxJTI1M0EweDVlZmMxMGM5NzFjNTcwZjQlMjEyc0Nhcm5lcyUyNTIwTW9udHNlcnJhdCUyMTVlMCUyMTNtMiUyMTFzZXMlMjEyc2VzJTIxNHYxNzUwODQyNDgwNzIwJTIxNW0yJTIxMXNlcyUyMTJzZXMlMjIlMjB3aWR0aCUzRCUyMjYwMCUyMiUyMGhlaWdodCUzRCUyMjQ1MCUyMiUyMHN0eWxlJTNEJTIyYm9yZGVyJTNBMCUzQiUyMiUyMGFsbG93ZnVsbHNjcmVlbiUzRCUyMiUyMiUyMGxvYWRpbmclM0QlMjJsYXp5JTIyJTIwcmVmZXJyZXJwb2xpY3klM0QlMjJuby1yZWZlcnJlci13aGVuLWRvd25ncmFkZSUyMiUzRSUzQyUyRmlmcmFtZSUzRQ==&#8221; css=&#8221;&#8221;][\/vc_column][\/vc_row]\n<\/div>","protected":false},"excerpt":{"rendered":"<p>[vc_row full_width=&#8221;stretch_row_content_no_spaces&#8221; content_placement=&#8221;middle&#8221; equal_height=&#8221;yes&#8221;][vc_column width=&#8221;1\/2&#8243;][vc_empty_space height=&#8221;100px&#8221;][vc_row_inner][vc_column_inner][vc_column_text css=&#8221;.vc_custom_1750844274012{margin-top: -20px !important;}&#8221; text_align=&#8221;center&#8221; color=&#8221;#000000&#8243; font_size=&#8221;40&#8243; font_family=&#8221;Dynalight&#8221; font_weight=&#8221;300&#8243;]Tradici\u00f3 viva[\/vc_column_text][vc_column_text css=&#8221;&#8221; text_align=&#8221;center&#8221; color=&#8221;#000000&#8243; font_family=&#8221;Playfair Display&#8221; line_height=&#8221;42px&#8221;] Des de 1978, carnisseria amb \u00e0nima a Vilassar de Mar [\/vc_column_text][vc_empty_space height=&#8221;20px&#8221;][vc_column_text css=&#8221;.vc_custom_1750844907293{padding-right: 10% !important;padding-left: 10% !important;}&#8221; text_align=&#8221;center&#8221; color=&#8221;#000000&#8243; font_size=&#8221;16&#8243; font_family=&#8221;Open Sans&#8221; line_height=&#8221;22px&#8221;] Tot va comen\u00e7ar l\u2019abril de 1978, quan l\u2019Arturo i la Montserrat&hellip;<\/p>\n","protected":false},"author":2,"featured_media":426,"parent":0,"menu_order":0,"comment_status":"closed","ping_status":"closed","template":"","meta":{"footnotes":""},"class_list":["post-412","page","type-page","status-publish","has-post-thumbnail","hentry","entry","has-media"],"yoast_head":"<!-- This site is optimized with the Yoast SEO plugin v26.0 - https:\/\/yoast.com\/wordpress\/plugins\/seo\/ -->\n<title>Carnicer\u00eda en Vilassar de Mar - Carns Montserrat \u00b7 Des de 1978<\/title>\n<meta name=\"description\" content=\"Carnicer\u00eda en Vilassar de Mar. Tradici\u00f3n viva desde 1978. Carnicer\u00eda con alma. Gracias por hacer camino con nosotros\" \/>\n<meta name=\"robots\" content=\"index, follow, max-snippet:-1, max-image-preview:large, max-video-preview:-1\" \/>\n<link rel=\"canonical\" href=\"https:\/\/carnsmontserrat.cat\/ca\/som-carns-montserrat-coneix-nos\/\" \/>\n<meta property=\"og:locale\" content=\"ca_ES\" \/>\n<meta property=\"og:type\" content=\"article\" \/>\n<meta property=\"og:title\" content=\"Carnicer\u00eda en Vilassar de Mar - Carns Montserrat \u00b7 Des de 1978\" \/>\n<meta property=\"og:description\" content=\"Carnicer\u00eda en Vilassar de Mar. Tradici\u00f3n viva desde 1978. Carnicer\u00eda con alma. Gracias por hacer camino con nosotros\" \/>\n<meta property=\"og:url\" content=\"https:\/\/carnsmontserrat.cat\/ca\/som-carns-montserrat-coneix-nos\/\" \/>\n<meta property=\"og:site_name\" content=\"Carns Montserrat \u00b7 Des de 1978\" \/>\n<meta property=\"article:modified_time\" content=\"2025-11-25T12:08:46+00:00\" \/>\n<meta property=\"og:image\" content=\"https:\/\/carnsmontserrat.cat\/wp-content\/uploads\/2025\/06\/icon.jpg\" \/>\n\t<meta property=\"og:image:width\" content=\"300\" \/>\n\t<meta property=\"og:image:height\" content=\"300\" \/>\n\t<meta property=\"og:image:type\" content=\"image\/jpeg\" \/>\n<meta name=\"twitter:card\" content=\"summary_large_image\" \/>\n<meta name=\"twitter:label1\" content=\"Temps estimat de lectura\" \/>\n\t<meta name=\"twitter:data1\" content=\"2 minuts\" \/>\n<script type=\"application\/ld+json\" class=\"yoast-schema-graph\">{\"@context\":\"https:\/\/schema.org\",\"@graph\":[{\"@type\":\"WebPage\",\"@id\":\"https:\/\/carnsmontserrat.cat\/ca\/som-carns-montserrat-coneix-nos\/\",\"url\":\"https:\/\/carnsmontserrat.cat\/ca\/som-carns-montserrat-coneix-nos\/\",\"name\":\"Carnicer\u00eda en Vilassar de Mar - Carns Montserrat \u00b7 Des de 1978\",\"isPartOf\":{\"@id\":\"https:\/\/carnsmontserrat.cat\/#website\"},\"primaryImageOfPage\":{\"@id\":\"https:\/\/carnsmontserrat.cat\/ca\/som-carns-montserrat-coneix-nos\/#primaryimage\"},\"image\":{\"@id\":\"https:\/\/carnsmontserrat.cat\/ca\/som-carns-montserrat-coneix-nos\/#primaryimage\"},\"thumbnailUrl\":\"https:\/\/carnsmontserrat.cat\/wp-content\/uploads\/2025\/06\/icon.jpg\",\"datePublished\":\"2025-06-25T08:49:09+00:00\",\"dateModified\":\"2025-11-25T12:08:46+00:00\",\"description\":\"Carnicer\u00eda en Vilassar de Mar. Tradici\u00f3n viva desde 1978. Carnicer\u00eda con alma. Gracias por hacer camino con nosotros\",\"breadcrumb\":{\"@id\":\"https:\/\/carnsmontserrat.cat\/ca\/som-carns-montserrat-coneix-nos\/#breadcrumb\"},\"inLanguage\":\"ca\",\"potentialAction\":[{\"@type\":\"ReadAction\",\"target\":[\"https:\/\/carnsmontserrat.cat\/ca\/som-carns-montserrat-coneix-nos\/\"]}]},{\"@type\":\"ImageObject\",\"inLanguage\":\"ca\",\"@id\":\"https:\/\/carnsmontserrat.cat\/ca\/som-carns-montserrat-coneix-nos\/#primaryimage\",\"url\":\"https:\/\/carnsmontserrat.cat\/wp-content\/uploads\/2025\/06\/icon.jpg\",\"contentUrl\":\"https:\/\/carnsmontserrat.cat\/wp-content\/uploads\/2025\/06\/icon.jpg\",\"width\":300,\"height\":300,\"caption\":\"Carnisseria a Vilassar de Mar\"},{\"@type\":\"BreadcrumbList\",\"@id\":\"https:\/\/carnsmontserrat.cat\/ca\/som-carns-montserrat-coneix-nos\/#breadcrumb\",\"itemListElement\":[{\"@type\":\"ListItem\",\"position\":1,\"name\":\"Home\",\"item\":\"https:\/\/carnsmontserrat.cat\/ca\/\"},{\"@type\":\"ListItem\",\"position\":2,\"name\":\"Carnicer\u00eda en Vilassar de Mar\"}]},{\"@type\":\"WebSite\",\"@id\":\"https:\/\/carnsmontserrat.cat\/#website\",\"url\":\"https:\/\/carnsmontserrat.cat\/\",\"name\":\"Carns Montserrat \u00b7 Des de 1978\",\"description\":\"Cetrex new project\",\"potentialAction\":[{\"@type\":\"SearchAction\",\"target\":{\"@type\":\"EntryPoint\",\"urlTemplate\":\"https:\/\/carnsmontserrat.cat\/?s={search_term_string}\"},\"query-input\":{\"@type\":\"PropertyValueSpecification\",\"valueRequired\":true,\"valueName\":\"search_term_string\"}}],\"inLanguage\":\"ca\"}]}<\/script>\n<!-- \/ Yoast SEO plugin. -->","yoast_head_json":{"title":"Carnicer\u00eda en Vilassar de Mar - Carns Montserrat \u00b7 Des de 1978","description":"Carnicer\u00eda en Vilassar de Mar. Tradici\u00f3n viva desde 1978. Carnicer\u00eda con alma. Gracias por hacer camino con nosotros","robots":{"index":"index","follow":"follow","max-snippet":"max-snippet:-1","max-image-preview":"max-image-preview:large","max-video-preview":"max-video-preview:-1"},"canonical":"https:\/\/carnsmontserrat.cat\/ca\/som-carns-montserrat-coneix-nos\/","og_locale":"ca_ES","og_type":"article","og_title":"Carnicer\u00eda en Vilassar de Mar - Carns Montserrat \u00b7 Des de 1978","og_description":"Carnicer\u00eda en Vilassar de Mar. Tradici\u00f3n viva desde 1978. Carnicer\u00eda con alma. Gracias por hacer camino con nosotros","og_url":"https:\/\/carnsmontserrat.cat\/ca\/som-carns-montserrat-coneix-nos\/","og_site_name":"Carns Montserrat \u00b7 Des de 1978","article_modified_time":"2025-11-25T12:08:46+00:00","og_image":[{"width":300,"height":300,"url":"https:\/\/carnsmontserrat.cat\/wp-content\/uploads\/2025\/06\/icon.jpg","type":"image\/jpeg"}],"twitter_card":"summary_large_image","twitter_misc":{"Temps estimat de lectura":"2 minuts"},"schema":{"@context":"https:\/\/schema.org","@graph":[{"@type":"WebPage","@id":"https:\/\/carnsmontserrat.cat\/ca\/som-carns-montserrat-coneix-nos\/","url":"https:\/\/carnsmontserrat.cat\/ca\/som-carns-montserrat-coneix-nos\/","name":"Carnicer\u00eda en Vilassar de Mar - Carns Montserrat \u00b7 Des de 1978","isPartOf":{"@id":"https:\/\/carnsmontserrat.cat\/#website"},"primaryImageOfPage":{"@id":"https:\/\/carnsmontserrat.cat\/ca\/som-carns-montserrat-coneix-nos\/#primaryimage"},"image":{"@id":"https:\/\/carnsmontserrat.cat\/ca\/som-carns-montserrat-coneix-nos\/#primaryimage"},"thumbnailUrl":"https:\/\/carnsmontserrat.cat\/wp-content\/uploads\/2025\/06\/icon.jpg","datePublished":"2025-06-25T08:49:09+00:00","dateModified":"2025-11-25T12:08:46+00:00","description":"Carnicer\u00eda en Vilassar de Mar. Tradici\u00f3n viva desde 1978. Carnicer\u00eda con alma. Gracias por hacer camino con nosotros","breadcrumb":{"@id":"https:\/\/carnsmontserrat.cat\/ca\/som-carns-montserrat-coneix-nos\/#breadcrumb"},"inLanguage":"ca","potentialAction":[{"@type":"ReadAction","target":["https:\/\/carnsmontserrat.cat\/ca\/som-carns-montserrat-coneix-nos\/"]}]},{"@type":"ImageObject","inLanguage":"ca","@id":"https:\/\/carnsmontserrat.cat\/ca\/som-carns-montserrat-coneix-nos\/#primaryimage","url":"https:\/\/carnsmontserrat.cat\/wp-content\/uploads\/2025\/06\/icon.jpg","contentUrl":"https:\/\/carnsmontserrat.cat\/wp-content\/uploads\/2025\/06\/icon.jpg","width":300,"height":300,"caption":"Carnisseria a Vilassar de Mar"},{"@type":"BreadcrumbList","@id":"https:\/\/carnsmontserrat.cat\/ca\/som-carns-montserrat-coneix-nos\/#breadcrumb","itemListElement":[{"@type":"ListItem","position":1,"name":"Home","item":"https:\/\/carnsmontserrat.cat\/ca\/"},{"@type":"ListItem","position":2,"name":"Carnicer\u00eda en Vilassar de Mar"}]},{"@type":"WebSite","@id":"https:\/\/carnsmontserrat.cat\/#website","url":"https:\/\/carnsmontserrat.cat\/","name":"Carns Montserrat \u00b7 Des de 1978","description":"Cetrex new project","potentialAction":[{"@type":"SearchAction","target":{"@type":"EntryPoint","urlTemplate":"https:\/\/carnsmontserrat.cat\/?s={search_term_string}"},"query-input":{"@type":"PropertyValueSpecification","valueRequired":true,"valueName":"search_term_string"}}],"inLanguage":"ca"}]}},"_links":{"self":[{"href":"https:\/\/carnsmontserrat.cat\/ca\/wp-json\/wp\/v2\/pages\/412","targetHints":{"allow":["GET"]}}],"collection":[{"href":"https:\/\/carnsmontserrat.cat\/ca\/wp-json\/wp\/v2\/pages"}],"about":[{"href":"https:\/\/carnsmontserrat.cat\/ca\/wp-json\/wp\/v2\/types\/page"}],"author":[{"embeddable":true,"href":"https:\/\/carnsmontserrat.cat\/ca\/wp-json\/wp\/v2\/users\/2"}],"replies":[{"embeddable":true,"href":"https:\/\/carnsmontserrat.cat\/ca\/wp-json\/wp\/v2\/comments?post=412"}],"version-history":[{"count":7,"href":"https:\/\/carnsmontserrat.cat\/ca\/wp-json\/wp\/v2\/pages\/412\/revisions"}],"predecessor-version":[{"id":492,"href":"https:\/\/carnsmontserrat.cat\/ca\/wp-json\/wp\/v2\/pages\/412\/revisions\/492"}],"wp:featuredmedia":[{"embeddable":true,"href":"https:\/\/carnsmontserrat.cat\/ca\/wp-json\/wp\/v2\/media\/426"}],"wp:attachment":[{"href":"https:\/\/carnsmontserrat.cat\/ca\/wp-json\/wp\/v2\/media?parent=412"}],"curies":[{"name":"wp","href":"https:\/\/api.w.org\/{rel}","templated":true}]}}